{"id":1392,"date":"2021-11-01T08:24:54","date_gmt":"2021-11-01T07:24:54","guid":{"rendered":"https:\/\/demosites.royal-elementor-addons.com\/cryptocurrency-v1\/?page_id=1392"},"modified":"2026-02-16T21:07:10","modified_gmt":"2026-02-16T20:07:10","slug":"formations","status":"publish","type":"page","link":"https:\/\/cdesh.net\/index.php\/formations\/","title":{"rendered":"Formations"},"content":{"rendered":"\t\t<div data-elementor-type=\"wp-page\" data-elementor-id=\"1392\" class=\"elementor elementor-1392\">\n\t\t\t\t\t\t<section class=\"elementor-section elementor-top-section elementor-element elementor-element-3b519c5 elementor-section-boxed elementor-section-height-default elementor-section-height-default wpr-particle-no wpr-jarallax-no wpr-parallax-no wpr-sticky-section-no\" data-id=\"3b519c5\" data-element_type=\"section\" data-e-type=\"section\" data-settings=\"{&quot;background_background&quot;:&quot;classic&quot;}\">\n\t\t\t\t\t\t\t<div class=\"elementor-background-overlay\"><\/div>\n\t\t\t\t\t\t\t<div class=\"elementor-container elementor-column-gap-default\">\n\t\t\t\t\t<div class=\"elementor-column elementor-col-100 elementor-top-column elementor-element elementor-element-bc4d3d8\" data-id=\"bc4d3d8\" data-element_type=\"column\" data-e-type=\"column\">\n\t\t\t<div class=\"elementor-widget-wrap elementor-element-populated\">\n\t\t\t\t\t\t<div class=\"elementor-element elementor-element-4e5f976 elementor-widget elementor-widget-heading\" data-id=\"4e5f976\" data-element_type=\"widget\" data-e-type=\"widget\" data-widget_type=\"heading.default\">\n\t\t\t\t\t<h2 class=\"elementor-heading-title elementor-size-default\">NOS FORMATIONS<\/h2>\t\t\t\t<\/div>\n\t\t\t\t<div class=\"elementor-element elementor-element-3b3da77 elementor-widget-divider--view-line elementor-widget elementor-widget-divider\" data-id=\"3b3da77\" data-element_type=\"widget\" data-e-type=\"widget\" data-widget_type=\"divider.default\">\n\t\t\t\t\t\t\t<div class=\"elementor-divider\">\n\t\t\t<span class=\"elementor-divider-separator\">\n\t\t\t\t\t\t<\/span>\n\t\t<\/div>\n\t\t\t\t\t\t<\/div>\n\t\t\t\t\t<\/div>\n\t\t<\/div>\n\t\t\t\t\t<\/div>\n\t\t<\/section>\n\t\t\t\t<section class=\"elementor-section elementor-top-section elementor-element elementor-element-81fda6f elementor-section-boxed elementor-section-height-default elementor-section-height-default wpr-particle-no wpr-jarallax-no wpr-parallax-no wpr-sticky-section-no\" data-id=\"81fda6f\" data-element_type=\"section\" data-e-type=\"section\" data-settings=\"{&quot;background_background&quot;:&quot;gradient&quot;}\">\n\t\t\t\t\t\t<div class=\"elementor-container elementor-column-gap-default\">\n\t\t\t\t\t<div class=\"elementor-column elementor-col-100 elementor-top-column elementor-element elementor-element-0a494dd\" data-id=\"0a494dd\" data-element_type=\"column\" data-e-type=\"column\">\n\t\t\t<div class=\"elementor-widget-wrap elementor-element-populated\">\n\t\t\t\t\t\t<section class=\"elementor-section elementor-inner-section elementor-element elementor-element-cf546b5 elementor-section-boxed elementor-section-height-default elementor-section-height-default wpr-particle-no wpr-jarallax-no wpr-parallax-no wpr-sticky-section-no\" data-id=\"cf546b5\" data-element_type=\"section\" data-e-type=\"section\">\n\t\t\t\t\t\t<div class=\"elementor-container elementor-column-gap-default\">\n\t\t\t\t\t<div class=\"elementor-column elementor-col-33 elementor-inner-column elementor-element elementor-element-15b0620 elementor-invisible\" data-id=\"15b0620\" data-element_type=\"column\" data-e-type=\"column\" data-settings=\"{&quot;animation&quot;:&quot;zoomIn&quot;}\">\n\t\t\t<div class=\"elementor-widget-wrap elementor-element-populated\">\n\t\t\t\t\t\t<div class=\"elementor-element elementor-element-db855cd elementor-widget elementor-widget-image\" data-id=\"db855cd\" data-element_type=\"widget\" data-e-type=\"widget\" data-widget_type=\"image.default\">\n\t\t\t\t\t\t\t\t\t\t\t\t\t\t\t<img fetchpriority=\"high\" width=\"591\" height=\"422\"  class=\"attachment-large size-large wp-image-4634 lws-optimize-lazyload\" alt=\"\" srcset=\"https:\/\/cdesh.net\/wp-content\/uploads\/2026\/02\/MATRKETIB_TERRITORIAL-.png 591w, https:\/\/cdesh.net\/wp-content\/uploads\/2026\/02\/MATRKETIB_TERRITORIAL--300x214.png 300w\" sizes=\"(max-width: 591px) 100vw, 591px\" \/ data-src=\"https:\/\/cdesh.net\/wp-content\/uploads\/2026\/02\/MATRKETIB_TERRITORIAL-.png\">\t\t\t\t\t\t\t\t\t\t\t\t\t\t\t<\/div>\n\t\t\t\t<div class=\"elementor-element elementor-element-6b7901e elementor-invisible elementor-widget elementor-widget-heading\" data-id=\"6b7901e\" data-element_type=\"widget\" data-e-type=\"widget\" data-settings=\"{&quot;_animation&quot;:&quot;slideInRight&quot;}\" data-widget_type=\"heading.default\">\n\t\t\t\t\t<h2 class=\"elementor-heading-title elementor-size-default\">Marketing territorial<\/h2>\t\t\t\t<\/div>\n\t\t\t\t<div class=\"elementor-element elementor-element-683624e elementor-widget elementor-widget-text-editor\" data-id=\"683624e\" data-element_type=\"widget\" data-e-type=\"widget\" data-widget_type=\"text-editor.default\">\n\t\t\t\t\t\t\t\t\t<p>Le <strong data-start=\"3\" data-end=\"28\">marketing territorial<\/strong> est une strat\u00e9gie qui vise \u00e0 promouvoir et valoriser un territoire (ville, r\u00e9gion ou pays) afin d\u2019attirer des investisseurs, des entreprises, des touristes et de nouveaux habitants. Il consiste \u00e0 mettre en avant les atouts \u00e9conomiques, culturels, sociaux et environnementaux du territoire pour renforcer son attractivit\u00e9 et sa comp\u00e9titivit\u00e9.<\/p>\t\t\t\t\t\t\t\t<\/div>\n\t\t\t\t\t<\/div>\n\t\t<\/div>\n\t\t\t\t<div class=\"elementor-column elementor-col-33 elementor-inner-column elementor-element elementor-element-aed3566 elementor-invisible\" data-id=\"aed3566\" data-element_type=\"column\" data-e-type=\"column\" data-settings=\"{&quot;animation&quot;:&quot;zoomIn&quot;,&quot;animation_delay&quot;:100}\">\n\t\t\t<div class=\"elementor-widget-wrap elementor-element-populated\">\n\t\t\t\t\t\t<div class=\"elementor-element elementor-element-a953637 elementor-widget elementor-widget-image\" data-id=\"a953637\" data-element_type=\"widget\" data-e-type=\"widget\" data-widget_type=\"image.default\">\n\t\t\t\t\t\t\t\t\t\t\t\t\t\t\t<img  title=\"Leadership\" alt=\"Leadership\" loading=\"lazy\" \/ class=\"lws-optimize-lazyload\" data-src=\"https:\/\/cdesh.net\/wp-content\/uploads\/elementor\/thumbs\/Leadership-rjb8d9r8jpmsm5hfnlct7f45ksxdndsph5bykrocg0.png\">\t\t\t\t\t\t\t\t\t\t\t\t\t\t\t<\/div>\n\t\t\t\t<div class=\"elementor-element elementor-element-10ab911 elementor-invisible elementor-widget elementor-widget-heading\" data-id=\"10ab911\" data-element_type=\"widget\" data-e-type=\"widget\" data-settings=\"{&quot;_animation&quot;:&quot;slideInRight&quot;}\" data-widget_type=\"heading.default\">\n\t\t\t\t\t<h2 class=\"elementor-heading-title elementor-size-default\">Leadership<\/h2>\t\t\t\t<\/div>\n\t\t\t\t<div class=\"elementor-element elementor-element-f296fb7 elementor-widget elementor-widget-text-editor\" data-id=\"f296fb7\" data-element_type=\"widget\" data-e-type=\"widget\" data-widget_type=\"text-editor.default\">\n\t\t\t\t\t\t\t\t\t<p>Le <strong data-start=\"3\" data-end=\"17\">leadership<\/strong> est la capacit\u00e9 d\u2019une personne \u00e0 inspirer, mobiliser et guider un groupe vers l\u2019atteinte d\u2019objectifs communs. Il repose sur la vision, la communication, la prise de d\u00e9cision et l\u2019exemplarit\u00e9. Un bon leadership favorise la motivation, la collaboration et la performance au sein d\u2019une organisation.<\/p>\t\t\t\t\t\t\t\t<\/div>\n\t\t\t\t\t<\/div>\n\t\t<\/div>\n\t\t\t\t<div class=\"elementor-column elementor-col-33 elementor-inner-column elementor-element elementor-element-c1e232d elementor-invisible\" data-id=\"c1e232d\" data-element_type=\"column\" data-e-type=\"column\" data-settings=\"{&quot;animation&quot;:&quot;zoomIn&quot;,&quot;animation_delay&quot;:200}\">\n\t\t\t<div class=\"elementor-widget-wrap elementor-element-populated\">\n\t\t\t\t\t\t<div class=\"elementor-element elementor-element-bafd627 elementor-widget elementor-widget-image\" data-id=\"bafd627\" data-element_type=\"widget\" data-e-type=\"widget\" data-widget_type=\"image.default\">\n\t\t\t\t\t\t\t\t\t\t\t\t\t\t\t<img  title=\"bonne gouvernance\" alt=\"bonne gouvernance\" loading=\"lazy\" \/ class=\"lws-optimize-lazyload\" data-src=\"https:\/\/cdesh.net\/wp-content\/uploads\/elementor\/thumbs\/bonne-gouvernance-rjb8d9r8jpn2ug5ktmp1gz15rq5habsarw2vl8xtkw.png\">\t\t\t\t\t\t\t\t\t\t\t\t\t\t\t<\/div>\n\t\t\t\t<div class=\"elementor-element elementor-element-b609c54 elementor-invisible elementor-widget elementor-widget-heading\" data-id=\"b609c54\" data-element_type=\"widget\" data-e-type=\"widget\" data-settings=\"{&quot;_animation&quot;:&quot;slideInRight&quot;}\" data-widget_type=\"heading.default\">\n\t\t\t\t\t<h2 class=\"elementor-heading-title elementor-size-default\">Bonne gouvernance<\/h2>\t\t\t\t<\/div>\n\t\t\t\t<div class=\"elementor-element elementor-element-fe88afd elementor-widget elementor-widget-text-editor\" data-id=\"fe88afd\" data-element_type=\"widget\" data-e-type=\"widget\" data-widget_type=\"text-editor.default\">\n\t\t\t\t\t\t\t\t\t<p>La <strong data-start=\"3\" data-end=\"24\">bonne gouvernance<\/strong> d\u00e9signe l\u2019ensemble des principes et pratiques qui garantissent une gestion transparente, responsable et efficace des affaires publiques ou d\u2019une organisation. Elle repose notamment sur la transparence, la participation, la redevabilit\u00e9, l\u2019\u00e9quit\u00e9 et le respect des r\u00e8gles, afin d\u2019assurer un d\u00e9veloppement durable et la confiance des citoyens ou des parties prenantes.<\/p>\t\t\t\t\t\t\t\t<\/div>\n\t\t\t\t\t<\/div>\n\t\t<\/div>\n\t\t\t\t\t<\/div>\n\t\t<\/section>\n\t\t\t\t\t<\/div>\n\t\t<\/div>\n\t\t\t\t\t<\/div>\n\t\t<\/section>\n\t\t\t\t<section class=\"elementor-section elementor-top-section elementor-element elementor-element-9e18883 elementor-section-boxed elementor-section-height-default elementor-section-height-default wpr-particle-no wpr-jarallax-no wpr-parallax-no wpr-sticky-section-no\" data-id=\"9e18883\" data-element_type=\"section\" data-e-type=\"section\" data-settings=\"{&quot;background_background&quot;:&quot;classic&quot;}\">\n\t\t\t\t\t\t<div class=\"elementor-container elementor-column-gap-default\">\n\t\t\t\t\t<div class=\"elementor-column elementor-col-50 elementor-top-column elementor-element elementor-element-135fdc4\" data-id=\"135fdc4\" data-element_type=\"column\" data-e-type=\"column\">\n\t\t\t<div class=\"elementor-widget-wrap elementor-element-populated\">\n\t\t\t\t\t\t<div class=\"elementor-element elementor-element-0b98c01 elementor-invisible elementor-widget elementor-widget-image\" data-id=\"0b98c01\" data-element_type=\"widget\" data-e-type=\"widget\" data-settings=\"{&quot;_animation&quot;:&quot;slideInLeft&quot;}\" data-widget_type=\"image.default\">\n\t\t\t\t\t\t\t\t\t\t\t\t\t\t\t<img width=\"546\" height=\"363\"  class=\"attachment-large size-large wp-image-4753 lws-optimize-lazyload\" alt=\"\" srcset=\"https:\/\/cdesh.net\/wp-content\/uploads\/2026\/02\/performances.png 546w, https:\/\/cdesh.net\/wp-content\/uploads\/2026\/02\/performances-300x199.png 300w\" sizes=\"(max-width: 546px) 100vw, 546px\" \/ data-src=\"https:\/\/cdesh.net\/wp-content\/uploads\/2026\/02\/performances.png\">\t\t\t\t\t\t\t\t\t\t\t\t\t\t\t<\/div>\n\t\t\t\t\t<\/div>\n\t\t<\/div>\n\t\t\t\t<div class=\"elementor-column elementor-col-50 elementor-top-column elementor-element elementor-element-695348f\" data-id=\"695348f\" data-element_type=\"column\" data-e-type=\"column\">\n\t\t\t<div class=\"elementor-widget-wrap elementor-element-populated\">\n\t\t\t\t\t\t<div class=\"elementor-element elementor-element-6e34f86 elementor-invisible elementor-widget elementor-widget-heading\" data-id=\"6e34f86\" data-element_type=\"widget\" data-e-type=\"widget\" data-settings=\"{&quot;_animation&quot;:&quot;slideInRight&quot;}\" data-widget_type=\"heading.default\">\n\t\t\t\t\t<h2 class=\"elementor-heading-title elementor-size-default\">Pilotage des performances des services publics<\/h2>\t\t\t\t<\/div>\n\t\t\t\t<div class=\"elementor-element elementor-element-e2fd7e8 elementor-invisible elementor-widget elementor-widget-text-editor\" data-id=\"e2fd7e8\" data-element_type=\"widget\" data-e-type=\"widget\" data-settings=\"{&quot;_animation&quot;:&quot;slideInRight&quot;,&quot;_animation_delay&quot;:100}\" data-widget_type=\"text-editor.default\">\n\t\t\t\t\t\t\t\t\t<p>Le <strong data-start=\"3\" data-end=\"54\">pilotage de la performance des services publics<\/strong> consiste \u00e0 fixer des objectifs, suivre des indicateurs et \u00e9valuer les r\u00e9sultats afin d\u2019am\u00e9liorer l\u2019efficacit\u00e9 et la qualit\u00e9 des services rendus aux citoyens. Il permet d\u2019optimiser les ressources, de renforcer la transparence et d\u2019instaurer une culture d\u2019am\u00e9lioration continue au sein des administrations.<\/p>\t\t\t\t\t\t\t\t<\/div>\n\t\t\t\t\t<\/div>\n\t\t<\/div>\n\t\t\t\t\t<\/div>\n\t\t<\/section>\n\t\t\t\t<\/div>\n\t\t\n    <div class=\"xs_social_share_widget xs_share_url after_content \t\tmain_content  wslu-style-1 wslu-share-box-shaped wslu-fill-colored wslu-none wslu-share-horizontal wslu-theme-font-no wslu-main_content\">\n\n\t\t\n        <ul>\n\t\t\t        <\/ul>\n    <\/div> \n","protected":false},"excerpt":{"rendered":"<p>NOS FORMATIONS Marketing territorial Le marketing territorial est une strat\u00e9gie qui vise \u00e0 promouvoir et valoriser un territoire (ville, r\u00e9gion ou pays) afin d\u2019attirer des investisseurs, des entreprises, des touristes et de nouveaux habitants. Il consiste \u00e0 mettre en avant les atouts \u00e9conomiques, culturels, sociaux et environnementaux du territoire pour renforcer son attractivit\u00e9 et sa comp\u00e9titivit\u00e9. Leadership Le leadership est la capacit\u00e9 d\u2019une personne \u00e0 inspirer, mobiliser et guider un groupe vers l\u2019atteinte d\u2019objectifs communs. Il repose sur la vision, la communication, la prise de d\u00e9cision et l\u2019exemplarit\u00e9. Un bon leadership favorise la motivation, la collaboration et la performance au sein d\u2019une organisation. Bonne gouvernance La bonne gouvernance d\u00e9signe l\u2019ensemble des principes et pratiques qui garantissent une gestion transparente, responsable et efficace des affaires publiques ou d\u2019une organisation. Elle repose notamment sur la transparence, la participation, la redevabilit\u00e9, l\u2019\u00e9quit\u00e9 et le respect des r\u00e8gles, afin d\u2019assurer un d\u00e9veloppement durable et la confiance des citoyens ou des parties prenantes. Pilotage des performances des services publics Le pilotage de la performance des services publics consiste \u00e0 fixer des objectifs, suivre des indicateurs et \u00e9valuer les r\u00e9sultats afin d\u2019am\u00e9liorer l\u2019efficacit\u00e9 et la qualit\u00e9 des services rendus aux citoyens. Il permet d\u2019optimiser les ressources, de renforcer la transparence et d\u2019instaurer une culture d\u2019am\u00e9lioration continue au sein des administrations.<\/p>\n","protected":false},"author":1,"featured_media":0,"parent":0,"menu_order":0,"comment_status":"closed","ping_status":"closed","template":"elementor_canvas","meta":{"_eb_attr":"","footnotes":""},"class_list":["post-1392","page","type-page","status-publish","hentry"],"_links":{"self":[{"href":"https:\/\/cdesh.net\/index.php\/wp-json\/wp\/v2\/pages\/1392","targetHints":{"allow":["GET"]}}],"collection":[{"href":"https:\/\/cdesh.net\/index.php\/wp-json\/wp\/v2\/pages"}],"about":[{"href":"https:\/\/cdesh.net\/index.php\/wp-json\/wp\/v2\/types\/page"}],"author":[{"embeddable":true,"href":"https:\/\/cdesh.net\/index.php\/wp-json\/wp\/v2\/users\/1"}],"replies":[{"embeddable":true,"href":"https:\/\/cdesh.net\/index.php\/wp-json\/wp\/v2\/comments?post=1392"}],"version-history":[{"count":220,"href":"https:\/\/cdesh.net\/index.php\/wp-json\/wp\/v2\/pages\/1392\/revisions"}],"predecessor-version":[{"id":5132,"href":"https:\/\/cdesh.net\/index.php\/wp-json\/wp\/v2\/pages\/1392\/revisions\/5132"}],"wp:attachment":[{"href":"https:\/\/cdesh.net\/index.php\/wp-json\/wp\/v2\/media?parent=1392"}],"curies":[{"name":"wp","href":"https:\/\/api.w.org\/{rel}","templated":true}]}}